{"id":1134,"date":"2016-07-19T11:30:37","date_gmt":"2016-07-19T11:30:37","guid":{"rendered":"http:\/\/www.webpaseo.com?page_id=1134"},"modified":"2019-06-18T10:40:44","modified_gmt":"2019-06-18T10:40:44","slug":"equipo","status":"publish","type":"page","link":"https:\/\/www.webpaseo.com\/de\/equipo\/","title":{"rendered":"Unser Team"},"content":{"rendered":"<p>[vc_row content_width=&#8220;fullwidth&#8220; css=&#8220;.vc_custom_1495623403142{padding-top: 140px !important;padding-bottom: 80px !important;background-image: url(http:\/\/www.webpaseo.com\/wp-content\/uploads\/2016\/09\/dunas3.jpg?id=1394) !important;background-position: center !important;background-repeat: no-repeat !important;background-size: cover !important;}&#8220;][vc_column el_class=&#8220;team-header-title&#8220;]<div class=\"vntd-special-heading\"style=\"margin-bottom:px;\"><h1 class=\"header \" >Wer bildet unser Team?<\/h1><div class=\"header-strips-one \" ><\/div><h2 class=\"description normal \" >Apartamentos El Paseo besteht aus Fachleuten mit umfangreicher Erfahrungen in dieser Branche<\/h2><\/div>[\/vc_column][\/vc_row][vc_row css=&#8220;.vc_custom_1469186193886{padding-top: 70px !important;}&#8220; el_class=&#8220;about-us section-title&#8220;][vc_column el_class=&#8220;team-title&#8220;]<div class=\"vntd-special-heading\"style=\"margin-bottom:px;\"><h1 class=\"header \" >Unser Team<\/h1><div class=\"header-strips-one \" ><\/div><\/div>[\/vc_column][\/vc_row][vc_row][vc_column][vc_empty_space height=&#8220;10px&#8220;][vc_column_text el_class=&#8220;welcome-text subtitle-right&#8220;]Apartamentos El Paseo ist eine kleine Anlage, jedoch betrachten wir dies als einen Vorteil, der uns von anderen Anlagen unterscheidet und es erm\u00f6glicht uns diejenigen, die uns besuchen, individuell zu verw\u00f6hnen.<\/p>\n<p>Wir sind ein Team mit einer beruflichen Leidenschaft f\u00fcr Gastfreundschaft, die dazu f\u00fchrt, dass unsere G\u00e4ste an diesem Ort schon immer ihren Urlaub verbringen wollten.<\/p>\n<p>Das El Paseo Team[\/vc_column_text][\/vc_column][\/vc_row][vc_row][vc_column]<div class=\"vntd-team-carousel team\"><div class=\"team-boxes t-center\">\t\t<div class=\"item\">\n\t\t\t<!-- Box Inner -->\n\t\t\t<div class=\"box-inner\">\n\t\t\t\t<!-- Team Member Image -->\n\t\t\t\t<div class=\"member-image\">\n\t\t\t\t\t<!-- Image -->\n\t\t\t\t\t<img decoding=\"async\" src=\"https:\/\/www.webpaseo.com\/wp-content\/uploads\/2018\/12\/Magdeline-2-e1633461785876-270x270.jpg\" alt=\"Magdeline Schneider\">\n\t\t\t\t<\/div>\n\t\t\t\t<!-- Team Member Details -->\n\t\t\t\t<div class=\"member-details\">\n\t\t\t\t\t<!-- Name and Position -->\n\t\t\t\t\t<div class=\"member-name\">\n\t\t\t\t\t\t<!-- Member Name -->\n\t\t\t\t\t\t<h1 class=\"name no-padding no-margin\">\n\t\t\t\t\t\t\tMagdeline Schneider\t\t\t\t\t\t<\/h1>\n\t\t\t\t\t\t<!-- Member Position -->\n\t\t\t\t\t\t<h3 class=\"position no-padding\">\n\t\t\t\t\t\t\tReinigung\t\t\t\t\t\t<\/h3>\n\t\t\t\t\t<\/div>\n\t\t\t\t\t<!-- End Team Member Details -->\n\n\t\t\t\t\t<!-- Member Details -->\n\t\t\t\t\t<div class=\"details\">\n\t\t\t\t\t\t<!-- Description -->\n\t\t\t\t\t\t<p class=\"member-description normal\">\n\t\t\t\t\t\t\tich hei\u00dfe Magdeline Schneider und wurde am 12.04.1979 in Nagua, in der Dominikanischen Republik, geboren.\t\t\t\t\t\t<\/p>\n\t\t\t\t\t\t\n\t\t\t\t\t\t\t\t\t\t\t\t\n\t\t\t\t\t\t<!-- Button trigger modal -->\n\t\t\t\t\t\t\t\t\t\t\t\t<a class=\"member-detail-button colored-bg\" data-toggle=\"modal\" data-target=\"#team-1152\"><\/a>\n\t\t\t\t\t\t\t\t\t\t\t<\/div><!-- End Member Details -->\n\t\t\t\t<\/div><!-- End Team Member Details -->\n\t\t\t<\/div><!-- End Team Box Inner -->\n\t\t<\/div><!-- End Team Box -->\t\n\t\t\n\t\t\n\t\t<!-- End Modal -->\t\t\n\t\t\t\t\t\t\t\n\t\t\t\t<div class=\"item\">\n\t\t\t<!-- Box Inner -->\n\t\t\t<div class=\"box-inner\">\n\t\t\t\t<!-- Team Member Image -->\n\t\t\t\t<div class=\"member-image\">\n\t\t\t\t\t<!-- Image -->\n\t\t\t\t\t<img decoding=\"async\" src=\"https:\/\/www.webpaseo.com\/wp-content\/uploads\/2018\/12\/Julia-1-270x270.jpg\" alt=\"Julia\">\n\t\t\t\t<\/div>\n\t\t\t\t<!-- Team Member Details -->\n\t\t\t\t<div class=\"member-details\">\n\t\t\t\t\t<!-- Name and Position -->\n\t\t\t\t\t<div class=\"member-name\">\n\t\t\t\t\t\t<!-- Member Name -->\n\t\t\t\t\t\t<h1 class=\"name no-padding no-margin\">\n\t\t\t\t\t\t\tJulia Steinke\t\t\t\t\t\t<\/h1>\n\t\t\t\t\t\t<!-- Member Position -->\n\t\t\t\t\t\t<h3 class=\"position no-padding\">\n\t\t\t\t\t\t\tRezeption, Reservierung und Umweltschutz\t\t\t\t\t\t<\/h3>\n\t\t\t\t\t<\/div>\n\t\t\t\t\t<!-- End Team Member Details -->\n\n\t\t\t\t\t<!-- Member Details -->\n\t\t\t\t\t<div class=\"details\">\n\t\t\t\t\t\t<!-- Description -->\n\t\t\t\t\t\t<p class=\"member-description normal\">\n\t\t\t\t\t\t\tMein Name ist Julia Steinke und ich wurde am 02. Dezember 1967 in M\u00fcnchen geboren..\t\t\t\t\t\t<\/p>\n\t\t\t\t\t\t\n\t\t\t\t\t\t<a href=\"mailto:rezeption@webpaseo.com\" class=\"member-social email\"><i class=\"fa fa-envelope\"><\/i><\/a>\t\t\t\t\t\t\n\t\t\t\t\t\t<!-- Button trigger modal -->\n\t\t\t\t\t\t\t\t\t\t\t\t<a class=\"member-detail-button colored-bg\" data-toggle=\"modal\" data-target=\"#team-1151\"><\/a>\n\t\t\t\t\t\t\t\t\t\t\t<\/div><!-- End Member Details -->\n\t\t\t\t<\/div><!-- End Team Member Details -->\n\t\t\t<\/div><!-- End Team Box Inner -->\n\t\t<\/div><!-- End Team Box -->\t\n\t\t\n\t\t\n\t\t<!-- End Modal -->\t\t\n\t\t\t\t\t\t\t\n\t\t\t\t<div class=\"item\">\n\t\t\t<!-- Box Inner -->\n\t\t\t<div class=\"box-inner\">\n\t\t\t\t<!-- Team Member Image -->\n\t\t\t\t<div class=\"member-image\">\n\t\t\t\t\t<!-- Image -->\n\t\t\t\t\t<img decoding=\"async\" src=\"https:\/\/www.webpaseo.com\/wp-content\/uploads\/2018\/12\/Miguel-1-e1633461747911-270x270.jpg\" alt=\"Miguel\">\n\t\t\t\t<\/div>\n\t\t\t\t<!-- Team Member Details -->\n\t\t\t\t<div class=\"member-details\">\n\t\t\t\t\t<!-- Name and Position -->\n\t\t\t\t\t<div class=\"member-name\">\n\t\t\t\t\t\t<!-- Member Name -->\n\t\t\t\t\t\t<h1 class=\"name no-padding no-margin\">\n\t\t\t\t\t\t\tMiguel Angel de Armas\t\t\t\t\t\t<\/h1>\n\t\t\t\t\t\t<!-- Member Position -->\n\t\t\t\t\t\t<h3 class=\"position no-padding\">\n\t\t\t\t\t\t\tReinigung und Instandhaltung\t\t\t\t\t\t<\/h3>\n\t\t\t\t\t<\/div>\n\t\t\t\t\t<!-- End Team Member Details -->\n\n\t\t\t\t\t<!-- Member Details -->\n\t\t\t\t\t<div class=\"details\">\n\t\t\t\t\t\t<!-- Description -->\n\t\t\t\t\t\t<p class=\"member-description normal\">\n\t\t\t\t\t\t\tMein Name ist Miguel Angel de Armas.\t\t\t\t\t\t<\/p>\n\t\t\t\t\t\t\n\t\t\t\t\t\t\t\t\t\t\t\t\n\t\t\t\t\t\t<!-- Button trigger modal -->\n\t\t\t\t\t\t\t\t\t\t\t\t<a class=\"member-detail-button colored-bg\" data-toggle=\"modal\" data-target=\"#team-1144\"><\/a>\n\t\t\t\t\t\t\t\t\t\t\t<\/div><!-- End Member Details -->\n\t\t\t\t<\/div><!-- End Team Member Details -->\n\t\t\t<\/div><!-- End Team Box Inner -->\n\t\t<\/div><!-- End Team Box -->\t\n\t\t\n\t\t\n\t\t<!-- End Modal -->\t\t\n\t\t\t\t\t\t\t\n\t\t<\/div><\/div>[vc_empty_space][\/vc_column][\/vc_row][vc_row css=&#8220;.vc_custom_1469453952400{background-color: #ffffff !important;}&#8220;][vc_column el_class=&#8220;social-footer&#8220;]<div class=\"vntd-social-icons vntd-social-icons-square\"><a href=\"www.facebook.com\" class=\"social facebook\" target=\"_blank\"><i class=\"fa fa-facebook\"><\/i><\/a><a href=\"www.instagram.com\" class=\"social instagram\" target=\"_blank\"><i class=\"fa fa-instagram\"><\/i><\/a><a href=\"mailto:rezeption@webpaseo.com\" class=\"social mail\"><i class=\"fa fa-mail\"><\/i><\/a><\/div>[\/vc_column][\/vc_row]<\/p>\n","protected":false},"excerpt":{"rendered":"<p>[vc_row content_width=&#8220;fullwidth&#8220; css=&#8220;.vc_custom_1495623403142{padding-top: 140px !important;padding-bottom: 80px !important;background-image: url(http:\/\/www.webpaseo.com\/wp-content\/uploads\/2016\/09\/dunas3.jpg?id=1394) !important;background-position: center !important;background-repeat: no-repeat !important;background-size: cover !important;}&#8220;][vc_column el_class=&#8220;team-header-title&#8220;][\/vc_column][\/vc_row][vc_row css=&#8220;.vc_custom_1469186193886{padding-top: 70px !important;}&#8220; el_class=&#8220;about-us section-title&#8220;][vc_column el_class=&#8220;team-title&#8220;][\/vc_column][\/vc_row][vc_row][vc_column][vc_empty_space height=&#8220;10px&#8220;][vc_column_text el_class=&#8220;welcome-text subtitle-right&#8220;]Apartamentos El Paseo ist eine kleine Anlage, jedoch betrachten wir dies als einen Vorteil, der uns von anderen Anlagen unterscheidet und es erm\u00f6glicht uns diejenigen, die uns besuchen, individuell zu verw\u00f6hnen. Wir sind ein Team mit einer beruflichen Leidenschaft f\u00fcr Gastfreundschaft, die dazu f\u00fchrt, dass unsere [&hellip;]<\/p>\n","protected":false},"author":1,"featured_media":0,"parent":0,"menu_order":0,"comment_status":"closed","ping_status":"closed","template":"","meta":{"footnotes":""},"class_list":["post-1134","page","type-page","status-publish","hentry"],"_links":{"self":[{"href":"https:\/\/www.webpaseo.com\/de\/wp-json\/wp\/v2\/pages\/1134","targetHints":{"allow":["GET"]}}],"collection":[{"href":"https:\/\/www.webpaseo.com\/de\/wp-json\/wp\/v2\/pages"}],"about":[{"href":"https:\/\/www.webpaseo.com\/de\/wp-json\/wp\/v2\/types\/page"}],"author":[{"embeddable":true,"href":"https:\/\/www.webpaseo.com\/de\/wp-json\/wp\/v2\/users\/1"}],"replies":[{"embeddable":true,"href":"https:\/\/www.webpaseo.com\/de\/wp-json\/wp\/v2\/comments?post=1134"}],"version-history":[{"count":24,"href":"https:\/\/www.webpaseo.com\/de\/wp-json\/wp\/v2\/pages\/1134\/revisions"}],"predecessor-version":[{"id":1755,"href":"https:\/\/www.webpaseo.com\/de\/wp-json\/wp\/v2\/pages\/1134\/revisions\/1755"}],"wp:attachment":[{"href":"https:\/\/www.webpaseo.com\/de\/wp-json\/wp\/v2\/media?parent=1134"}],"curies":[{"name":"wp","href":"https:\/\/api.w.org\/{rel}","templated":true}]}}